{"id":441,"date":"2026-01-28T16:51:41","date_gmt":"2026-01-28T13:51:41","guid":{"rendered":"https:\/\/munkal.com\/?page_id=441"},"modified":"2026-01-28T16:58:51","modified_gmt":"2026-01-28T13:58:51","slug":"venue","status":"publish","type":"page","link":"https:\/\/munkal.com\/index.php\/venue\/","title":{"rendered":"Venue"},"content":{"rendered":"\t\t<div data-elementor-type=\"wp-page\" data-elementor-id=\"441\" class=\"elementor elementor-441\">\n\t\t\t\t<div class=\"elementor-element elementor-element-bafed99 e-flex e-con-boxed e-con e-parent\" data-id=\"bafed99\" data-element_type=\"container\" data-settings=\"{&quot;background_background&quot;:&quot;classic&quot;,&quot;shape_divider_top&quot;:&quot;opacity-tilt&quot;,&quot;shape_divider_bottom&quot;:&quot;opacity-tilt&quot;}\">\n\t\t\t\t\t<div class=\"e-con-inner\">\n\t\t\t\t<div class=\"elementor-shape elementor-shape-top\" aria-hidden=\"true\" data-negative=\"false\">\n\t\t\t<svg xmlns=\"http:\/\/www.w3.org\/2000\/svg\" viewBox=\"0 0 2600 131.1\" preserveAspectRatio=\"none\">\n\t<path class=\"elementor-shape-fill\" d=\"M0 0L2600 0 2600 69.1 0 0z\"\/>\n\t<path class=\"elementor-shape-fill\" style=\"opacity:0.5\" d=\"M0 0L2600 0 2600 69.1 0 69.1z\"\/>\n\t<path class=\"elementor-shape-fill\" style=\"opacity:0.25\" d=\"M2600 0L0 0 0 130.1 2600 69.1z\"\/>\n<\/svg>\t\t<\/div>\n\t\t\t\t<div class=\"elementor-shape elementor-shape-bottom\" aria-hidden=\"true\" data-negative=\"false\">\n\t\t\t<svg xmlns=\"http:\/\/www.w3.org\/2000\/svg\" viewBox=\"0 0 2600 131.1\" preserveAspectRatio=\"none\">\n\t<path class=\"elementor-shape-fill\" d=\"M0 0L2600 0 2600 69.1 0 0z\"\/>\n\t<path class=\"elementor-shape-fill\" style=\"opacity:0.5\" d=\"M0 0L2600 0 2600 69.1 0 69.1z\"\/>\n\t<path class=\"elementor-shape-fill\" style=\"opacity:0.25\" d=\"M2600 0L0 0 0 130.1 2600 69.1z\"\/>\n<\/svg>\t\t<\/div>\n\t\t<div class=\"elementor-element elementor-element-068827c e-con-full e-flex e-con e-child\" data-id=\"068827c\" data-element_type=\"container\">\n\t\t\t\t<div class=\"elementor-element elementor-element-214d31f elementor-widget elementor-widget-heading\" data-id=\"214d31f\" data-element_type=\"widget\" data-widget_type=\"heading.default\">\n\t\t\t\t\t<h2 class=\"elementor-heading-title elementor-size-default\">Istanbul Sabahattin Zaim University<\/h2>\t\t\t\t<\/div>\n\t\t\t\t<div class=\"elementor-element elementor-element-f175a81 elementor-widget elementor-widget-text-editor\" data-id=\"f175a81\" data-element_type=\"widget\" data-widget_type=\"text-editor.default\">\n\t\t\t\t\t\t\t\t\t<!DOCTYPE html>\n<html lang=\"en\">\n<head>\n<meta charset=\"UTF-8\">\n<meta name=\"viewport\" content=\"width=device-width, initial-scale=1.0\">\n<title>Venue \u2013 Istanbul Sabahattin Zaim University<\/title>\n\n<style>\nbody {\n    font-family: 'Inter', system-ui, sans-serif;\n    background: #2b3546;\n    margin: 0;\n    color: #1f2937;\n}\n\n\/* HERO *\/\n.venue-hero {\n    position: relative;\n    height: 420px;\n    background: url('https:\/\/munkal.com\/wp-content\/uploads\/2026\/01\/sebahattinzaimuni.jpg') center\/cover no-repeat;\n}\n\n.venue-hero::after {\n    content: \"\";\n    position: absolute;\n    inset: 0;\n    background: rgba(20, 30, 50, 0.55);\n}\n\n.venue-hero-content {\n    position: relative;\n    z-index: 1;\n    max-width: 1100px;\n    margin: auto;\n    height: 100%;\n    display: flex;\n    align-items: center;\n    padding: 0 20px;\n}\n\n.venue-hero h1 {\n    color: #ffffff;\n    font-size: 40px;\n    font-weight: 800;\n    max-width: 700px;\n}\n\n\/* CONTENT *\/\n.venue-container {\n    max-width: 1100px;\n    margin: -80px auto 60px;\n    padding: 0 20px;\n}\n\n.venue-card {\n    background: #ffffff;\n    border-radius: 18px;\n    padding: 40px;\n    box-shadow: 0 30px 60px rgba(0,0,0,0.35);\n    margin-bottom: 40px;\n}\n\n\/* TITLE *\/\n.venue-title {\n    font-size: 28px;\n    font-weight: 700;\n    margin-bottom: 20px;\n    color: #111827;\n    border-left: 6px solid #4f46e5;\n    padding-left: 14px;\n}\n\n\/* TEXT *\/\n.venue-text {\n    font-size: 17px;\n    line-height: 1.7;\n    margin-bottom: 18px;\n    color: #374151;\n}\n\n\/* INFO GRID *\/\n.venue-info {\n    display: grid;\n    grid-template-columns: repeat(auto-fit, minmax(220px, 1fr));\n    gap: 20px;\n    margin-top: 30px;\n}\n\n.info-box {\n    background: #f9fafb;\n    border-radius: 14px;\n    padding: 20px;\n}\n\n.info-box h4 {\n    margin: 0 0 8px;\n    font-size: 15px;\n    color: #4f46e5;\n    text-transform: uppercase;\n    letter-spacing: 0.04em;\n}\n\n.info-box p {\n    margin: 0;\n    font-size: 16px;\n    color: #1f2937;\n}\n\n\/* MAP *\/\n.map-wrapper {\n    border-radius: 18px;\n    overflow: hidden;\n    box-shadow: 0 25px 50px rgba(0,0,0,0.3);\n}\n\n.map-wrapper iframe {\n    width: 100%;\n    height: 420px;\n    border: 0;\n}\n\n\/* MOBILE *\/\n@media (max-width: 768px) {\n    .venue-hero {\n        height: 300px;\n    }\n\n    .venue-hero h1 {\n        font-size: 28px;\n    }\n\n    .venue-card {\n        padding: 26px;\n    }\n\n    .map-wrapper iframe {\n        height: 300px;\n    }\n}\n<\/style>\n<\/head>\n\n<body>\n\n<!-- HERO -->\n<section class=\"venue-hero\">\n    <div class=\"venue-hero-content\">\n      \n    <\/div>\n<\/section>\n\n<!-- CONTENT -->\n<section class=\"venue-container\">\n\n    <!-- INFO CARD -->\n    <div class=\"venue-card\">\n        <div class=\"venue-title\">Venue Information<\/div>\n\n        <p class=\"venue-text\">\n            Istanbul Sabahattin Zaim University (IZU) is an international research university founded in 2010 in Istanbul by the Ilim Yayma Foundation. The university operates with two campuses: Halkal\u0131 Main Campus and Altunizade Campus.\n        <\/p>\n\n        <p class=\"venue-text\">\n            As of 2021, the university hosts approximately 11,000 students and offers 36 undergraduate, 57 master\u2019s, and 20 doctoral programs, providing a strong academic environment with an international vision.\n        <\/p>\n\n        <div class=\"venue-info\">\n            <div class=\"info-box\">\n                <h4>Main Campus<\/h4>\n                <p>Halkal\u0131 Central Campus<\/p>\n            <\/div>\n\n            <div class=\"info-box\">\n                <h4>Founded<\/h4>\n                <p>2010<\/p>\n            <\/div>\n\n            <div class=\"info-box\">\n                <h4>Students<\/h4>\n                <p>~11,000<\/p>\n            <\/div>\n\n            <div class=\"info-box\">\n                <h4>Address<\/h4>\n                <p>\n                    Halkal\u0131 Merkez, Halkal\u0131,<br>\n                    34303 K\u00fc\u00e7\u00fck\u00e7ekmece \/ Istanbul\n                <\/p>\n            <\/div>\n        <\/div>\n    <\/div>\n\n    <!-- MAP CARD -->\n    <div class=\"map-wrapper\">\n        <iframe\n            src=\"https:\/\/www.google.com\/maps?q=Istanbul%20Sabahattin%20Zaim%20University%20Halkali&#038;output=embed\"\n            loading=\"lazy\"\n            referrerpolicy=\"no-referrer-when-downgrade\">\n        <\/iframe>\n    <\/div>\n\n<\/section>\n\n<\/body>\n<\/html>\n\t\t\t\t\t\t\t\t<\/div>\n\t\t\t\t<\/div>\n\t\t\t\t\t<\/div>\n\t\t\t\t<\/div>\n\t\t\t\t<\/div>\n\t\t","protected":false},"excerpt":{"rendered":"<p>Istanbul Sabahattin Zaim University Venue \u2013 Istanbul Sabahattin Zaim University Venue Information Istanbul Sabahattin Zaim University (IZU) is an international research university founded in 2010 in Istanbul by the Ilim Yayma Foundation. The university operates with two campuses: Halkal\u0131 Main Campus and Altunizade Campus. As of 2021, the university hosts approximately 11,000 students and offers&#8230;<\/p>\n","protected":false},"author":1,"featured_media":0,"parent":0,"menu_order":0,"comment_status":"closed","ping_status":"closed","template":"","meta":{"_eb_attr":"","_kad_post_transparent":"","_kad_post_title":"hide","_kad_post_layout":"fullwidth","_kad_post_sidebar_id":"","_kad_post_content_style":"unboxed","_kad_post_vertical_padding":"hide","_kad_post_feature":"hide","_kad_post_feature_position":"","_kad_post_header":false,"_kad_post_footer":false,"_kad_post_classname":"","footnotes":""},"class_list":["post-441","page","type-page","status-publish","hentry"],"_links":{"self":[{"href":"https:\/\/munkal.com\/index.php\/wp-json\/wp\/v2\/pages\/441","targetHints":{"allow":["GET"]}}],"collection":[{"href":"https:\/\/munkal.com\/index.php\/wp-json\/wp\/v2\/pages"}],"about":[{"href":"https:\/\/munkal.com\/index.php\/wp-json\/wp\/v2\/types\/page"}],"author":[{"embeddable":true,"href":"https:\/\/munkal.com\/index.php\/wp-json\/wp\/v2\/users\/1"}],"replies":[{"embeddable":true,"href":"https:\/\/munkal.com\/index.php\/wp-json\/wp\/v2\/comments?post=441"}],"version-history":[{"count":4,"href":"https:\/\/munkal.com\/index.php\/wp-json\/wp\/v2\/pages\/441\/revisions"}],"predecessor-version":[{"id":446,"href":"https:\/\/munkal.com\/index.php\/wp-json\/wp\/v2\/pages\/441\/revisions\/446"}],"wp:attachment":[{"href":"https:\/\/munkal.com\/index.php\/wp-json\/wp\/v2\/media?parent=441"}],"curies":[{"name":"wp","href":"https:\/\/api.w.org\/{rel}","templated":true}]}}