{"id":448,"date":"2026-01-28T17:02:43","date_gmt":"2026-01-28T14:02:43","guid":{"rendered":"https:\/\/munkal.com\/?page_id=448"},"modified":"2026-01-28T17:05:00","modified_gmt":"2026-01-28T14:05:00","slug":"contact","status":"publish","type":"page","link":"https:\/\/munkal.com\/index.php\/contact\/","title":{"rendered":"Contact"},"content":{"rendered":"\t\t<div data-elementor-type=\"wp-page\" data-elementor-id=\"448\" class=\"elementor elementor-448\">\n\t\t\t\t<div class=\"elementor-element elementor-element-bafed99 e-flex e-con-boxed e-con e-parent\" data-id=\"bafed99\" data-element_type=\"container\" data-settings=\"{&quot;background_background&quot;:&quot;classic&quot;,&quot;shape_divider_top&quot;:&quot;opacity-tilt&quot;,&quot;shape_divider_bottom&quot;:&quot;opacity-tilt&quot;}\">\n\t\t\t\t\t<div class=\"e-con-inner\">\n\t\t\t\t<div class=\"elementor-shape elementor-shape-top\" aria-hidden=\"true\" data-negative=\"false\">\n\t\t\t<svg xmlns=\"http:\/\/www.w3.org\/2000\/svg\" viewBox=\"0 0 2600 131.1\" preserveAspectRatio=\"none\">\n\t<path class=\"elementor-shape-fill\" d=\"M0 0L2600 0 2600 69.1 0 0z\"\/>\n\t<path class=\"elementor-shape-fill\" style=\"opacity:0.5\" d=\"M0 0L2600 0 2600 69.1 0 69.1z\"\/>\n\t<path class=\"elementor-shape-fill\" style=\"opacity:0.25\" d=\"M2600 0L0 0 0 130.1 2600 69.1z\"\/>\n<\/svg>\t\t<\/div>\n\t\t\t\t<div class=\"elementor-shape elementor-shape-bottom\" aria-hidden=\"true\" data-negative=\"false\">\n\t\t\t<svg xmlns=\"http:\/\/www.w3.org\/2000\/svg\" viewBox=\"0 0 2600 131.1\" preserveAspectRatio=\"none\">\n\t<path class=\"elementor-shape-fill\" d=\"M0 0L2600 0 2600 69.1 0 0z\"\/>\n\t<path class=\"elementor-shape-fill\" style=\"opacity:0.5\" d=\"M0 0L2600 0 2600 69.1 0 69.1z\"\/>\n\t<path class=\"elementor-shape-fill\" style=\"opacity:0.25\" d=\"M2600 0L0 0 0 130.1 2600 69.1z\"\/>\n<\/svg>\t\t<\/div>\n\t\t<div class=\"elementor-element elementor-element-068827c e-con-full e-flex e-con e-child\" data-id=\"068827c\" data-element_type=\"container\">\n\t\t\t\t<div class=\"elementor-element elementor-element-f175a81 elementor-widget elementor-widget-text-editor\" data-id=\"f175a81\" data-element_type=\"widget\" data-widget_type=\"text-editor.default\">\n\t\t\t\t\t\t\t\t\t<!DOCTYPE html>\n<html lang=\"en\">\n<head>\n<meta charset=\"UTF-8\">\n<meta name=\"viewport\" content=\"width=device-width, initial-scale=1.0\">\n<title>Contact \u2013 MUNKAL<\/title>\n\n<style>\nbody {\n    font-family: 'Inter', system-ui, sans-serif;\n    background: #2b3546;\n    margin: 0;\n    color: #1f2937;\n}\n\n\/* HERO *\/\n.contact-hero {\n    background: linear-gradient(135deg, #4f46e5, #6366f1);\n    padding: 90px 20px;\n    text-align: center;\n}\n\n.contact-hero h1 {\n    color: #ffffff;\n    font-size: 42px;\n    font-weight: 800;\n    margin: 0;\n}\n\n.contact-hero p {\n    color: #e0e7ff;\n    font-size: 18px;\n    margin-top: 12px;\n}\n\n\/* CONTAINER *\/\n.contact-container {\n    max-width: 1100px;\n    margin: -60px auto 60px;\n    padding: 0 20px;\n}\n\n\/* CARD *\/\n.contact-card {\n    background: #ffffff;\n    border-radius: 20px;\n    padding: 40px;\n    box-shadow: 0 30px 60px rgba(0,0,0,0.35);\n}\n\n\/* GRID *\/\n.contact-grid {\n    display: grid;\n    grid-template-columns: repeat(auto-fit, minmax(260px, 1fr));\n    gap: 24px;\n}\n\n\/* INFO BOX *\/\n.contact-box {\n    background: #f9fafb;\n    border-radius: 16px;\n    padding: 26px;\n    transition: all 0.25s ease;\n}\n\n.contact-box:hover {\n    transform: translateY(-4px);\n    box-shadow: 0 15px 30px rgba(0,0,0,0.12);\n}\n\n.contact-box h4 {\n    margin: 0 0 10px;\n    font-size: 14px;\n    letter-spacing: 0.05em;\n    color: #4f46e5;\n    text-transform: uppercase;\n}\n\n.contact-box p,\n.contact-box a {\n    font-size: 17px;\n    font-weight: 500;\n    color: #111827;\n    text-decoration: none;\n    line-height: 1.6;\n}\n\n.contact-box a:hover {\n    text-decoration: underline;\n}\n\n\/* MAP *\/\n.map-wrapper {\n    margin-top: 40px;\n    border-radius: 20px;\n    overflow: hidden;\n    box-shadow: 0 25px 50px rgba(0,0,0,0.3);\n}\n\n.map-wrapper iframe {\n    width: 100%;\n    height: 420px;\n    border: 0;\n}\n\n\/* MOBILE *\/\n@media (max-width: 768px) {\n    .contact-hero h1 {\n        font-size: 30px;\n    }\n\n    .contact-card {\n        padding: 28px;\n    }\n\n    .map-wrapper iframe {\n        height: 300px;\n    }\n}\n<\/style>\n<\/head>\n\n<body>\n\n<!-- HERO -->\n<section class=\"contact-hero\">\n    <h1>Contact Us<\/h1>\n    <p>MUNKAL \u2013 Model United Nations Conference<\/p>\n<\/section>\n\n<!-- CONTENT -->\n<section class=\"contact-container\">\n\n    <div class=\"contact-card\">\n\n        <div class=\"contact-grid\">\n\n            <div class=\"contact-box\">\n                <h4>Email<\/h4>\n                <p>\n                    <a href=\"mailto:info@munkal.com\">info@munkal.com<\/a>\n                <\/p>\n            <\/div>\n\n            <div class=\"contact-box\">\n                <h4>Phone<\/h4>\n                <p>\n                    <a href=\"tel:+902125482474\">(0212) 548 24 74<\/a>\n                <\/p>\n            <\/div>\n\n            <div class=\"contact-box\">\n                <h4>Munkal<\/h4>\n                <p>K\u00fc\u00e7\u00fck\u00e7ekmece Anadolu Lisesi<\/p>\n            <\/div>\n\n            <div class=\"contact-box\">\n                <h4>Address<\/h4>\n                <p>\n                    Yeni Mahalle, Cengiz Sk. No: 36<br>\n                    34290 K\u00fc\u00e7\u00fck\u00e7ekmece \/ Istanbul\n                <\/p>\n            <\/div>\n\n        <\/div>\n\n    <\/div>\n\n    <!-- MAP -->\n    <div class=\"map-wrapper\">\n        <iframe\n            src=\"https:\/\/www.google.com\/maps?q=K%C3%BC%C3%A7%C3%BCk%C3%A7ekmece%20Anadolu%20Lisesi&#038;output=embed\"\n            loading=\"lazy\"\n            referrerpolicy=\"no-referrer-when-downgrade\">\n        <\/iframe>\n    <\/div>\n\n<\/section>\n\n<\/body>\n<\/html>\n\t\t\t\t\t\t\t\t<\/div>\n\t\t\t\t<\/div>\n\t\t\t\t\t<\/div>\n\t\t\t\t<\/div>\n\t\t\t\t<\/div>\n\t\t","protected":false},"excerpt":{"rendered":"<p>Contact \u2013 MUNKAL Contact Us MUNKAL \u2013 Model United Nations Conference Email info@munkal.com Phone (0212) 548 24 74 Munkal K\u00fc\u00e7\u00fck\u00e7ekmece Anadolu Lisesi Address Yeni Mahalle, Cengiz Sk. No: 36 34290 K\u00fc\u00e7\u00fck\u00e7ekmece \/ Istanbul<\/p>\n","protected":false},"author":1,"featured_media":0,"parent":0,"menu_order":0,"comment_status":"closed","ping_status":"closed","template":"","meta":{"_eb_attr":"","_kad_post_transparent":"","_kad_post_title":"hide","_kad_post_layout":"fullwidth","_kad_post_sidebar_id":"","_kad_post_content_style":"unboxed","_kad_post_vertical_padding":"hide","_kad_post_feature":"hide","_kad_post_feature_position":"","_kad_post_header":false,"_kad_post_footer":false,"_kad_post_classname":"","footnotes":""},"class_list":["post-448","page","type-page","status-publish","hentry"],"_links":{"self":[{"href":"https:\/\/munkal.com\/index.php\/wp-json\/wp\/v2\/pages\/448","targetHints":{"allow":["GET"]}}],"collection":[{"href":"https:\/\/munkal.com\/index.php\/wp-json\/wp\/v2\/pages"}],"about":[{"href":"https:\/\/munkal.com\/index.php\/wp-json\/wp\/v2\/types\/page"}],"author":[{"embeddable":true,"href":"https:\/\/munkal.com\/index.php\/wp-json\/wp\/v2\/users\/1"}],"replies":[{"embeddable":true,"href":"https:\/\/munkal.com\/index.php\/wp-json\/wp\/v2\/comments?post=448"}],"version-history":[{"count":13,"href":"https:\/\/munkal.com\/index.php\/wp-json\/wp\/v2\/pages\/448\/revisions"}],"predecessor-version":[{"id":461,"href":"https:\/\/munkal.com\/index.php\/wp-json\/wp\/v2\/pages\/448\/revisions\/461"}],"wp:attachment":[{"href":"https:\/\/munkal.com\/index.php\/wp-json\/wp\/v2\/media?parent=448"}],"curies":[{"name":"wp","href":"https:\/\/api.w.org\/{rel}","templated":true}]}}